{"id":135,"date":"2015-09-17T17:12:33","date_gmt":"2015-09-17T15:12:33","guid":{"rendered":"http:\/\/localhost\/wordpress\/?page_id=135"},"modified":"2018-05-16T12:20:08","modified_gmt":"2018-05-16T12:20:08","slug":"feiern","status":"publish","type":"page","link":"https:\/\/www.vivendi-hotel.de\/?page_id=135","title":{"rendered":"Feiern"},"content":{"rendered":"<!--Start Slider-->\r\n<div id=\"slider\" class=\"sl-slider-wrapper\">\r\n\r\n<input id=\"txt_slidespeed\" type=\"hidden\" value=\" 3000 \" \/>\r\n<div class=\"sl-slider\">\r\n<div class=\"sl-slide\" data-orientation=\"horizontal\" data-slice1-rotation=\"-25\" data-slice2-rotation=\"-25\" data-slice1-scale=\"2\" data-slice2-scale=\"2\">\r\n<div class=\"sl-slide-inner\">\r\n<div class=\"salesdetails\">\r\n\r\n<h1>Willkommen!<\/h1>\r\n<span style=\"color: #000000;\">Entspannen Sie sich in unserem individuell gestalteten Hotel und genie\u00dfen Sie Ihren Aufenthalt.\r\n<\/span>\r\n\r\n<\/div>\r\n<\/div>\r\n<div class=\"bg-img bg-img-1\"><a>\r\n<img decoding=\"async\" src=\"https:\/\/www.vivendi-hotel.de\/wp-content\/gallery\/galerie-feiern\/image40.jpg\" \/><\/a><\/div>\r\n<\/div>\r\n<div class=\"sl-slide\" data-orientation=\"vertical\" data-slice1-rotation=\"10\" data-slice2-rotation=\"-15\" data-slice1-scale=\"1.5\" data-slice2-scale=\"1.5\">\r\n<div class=\"sl-slide-inner\">\r\n<div class=\"salesdetails\">\r\n<h1>Internationale K\u00fcche<\/h1>\r\n<span style=\"color: #000000;\">Gut essen im Restaurant Aureus &#8211; ein kulinarisches und sinnliches Erlebnis.\r\n<\/span>\r\n\r\n<\/div>\r\n<\/div>\r\n<div class=\"bg-img bg-img-2\"><a>\r\n<img decoding=\"async\" src=\"https:\/\/www.vivendi-hotel.de\/wp-content\/gallery\/galerie-feiern\/image41.jpg\" \/><\/a><\/div>\r\n<\/div>\r\n<div class=\"sl-slide\" data-orientation=\"horizontal\" data-slice1-rotation=\"3\" data-slice2-rotation=\"3\" data-slice1-scale=\"2\" data-slice2-scale=\"1\">\r\n<div class=\"sl-slide-inner\">\r\n<div class=\"salesdetails\">\r\n<h1>R\u00e4ume zum Wohlf\u00fchlen<\/h1>\r\n<span style=\"color: #000000;\">Individuell gestaltete Zimmer und B\u00e4der laden zum Relaxen und Verweilen ein.\r\n<\/span>\r\n\r\n<\/div>\r\n<\/div>\r\n<div class=\"bg-img bg-img-3\"><a>\r\n<img decoding=\"async\" src=\"https:\/\/www.vivendi-hotel.de\/wp-content\/gallery\/galerie-feiern\/image42.jpg\" \/><\/a><\/div>\r\n<\/div>\r\n<div class=\"sl-slide\" data-orientation=\"vertical\" data-slice1-rotation=\"-5\" data-slice2-rotation=\"25\" data-slice1-scale=\"2\" data-slice2-scale=\"1\">\r\n<div class=\"sl-slide-inner\">\r\n<div class=\"salesdetails\">\r\n<h1>Wohnen auf Zeit<\/h1>\r\n<span style=\"color: #000000;\">F\u00fchlen Sie sich wie zu Hause in unserem famili\u00e4ren Hotel in ruhiger Lage.\r\n<\/span>\r\n\r\n<\/div>\r\n<\/div>\r\n<div class=\"bg-img bg-img-4\"><a>\r\n<img decoding=\"async\" src=\"https:\/\/www.vivendi-hotel.de\/wp-content\/gallery\/galerie-feiern\/image43.jpg\" \/><\/a><\/div>\r\n<\/div>\r\n<div class=\"sl-slide\" data-orientation=\"horizontal\" data-slice1-rotation=\"-5\" data-slice2-rotation=\"10\" data-slice1-scale=\"2\" data-slice2-scale=\"1\">\r\n<div class=\"sl-slide-inner\">\r\n<div class=\"salesdetails\">\r\n<h1>Internationale K\u00fcche<\/h1>\r\n<span style=\"color: #000000;\">Unsere Internationale K\u00fcche mit Niveau &#8211; auch vegetarisch oder vegan &#8211; l\u00e4sst keine W\u00fcnsche offen.\r\n<\/span>\r\n\r\n<\/div>\r\n<\/div>\r\n<div class=\"bg-img bg-img-5\"><a>\r\n<img decoding=\"async\" src=\"https:\/\/www.vivendi-hotel.de\/wp-content\/gallery\/galerie-feiern\/image44.jpg\" \/><\/a><\/div>\r\n<\/div>\r\n<div class=\"sl-slide\" data-orientation=\"horizontal\" data-slice1-rotation=\"-5\" data-slice2-rotation=\"10\" data-slice1-scale=\"2\" data-slice2-scale=\"1\">\r\n<div class=\"sl-slide-inner\">\r\n<div class=\"salesdetails\">\r\n<h1>K\u00fcche mit Esprit<\/h1>\r\n<span style=\"color: #000000;\">Genie\u00dfen Sie die kleinen Aufmerksamkeiten unseres kreativen K\u00fcchenteams.\r\n<\/span>\r\n<\/div>\r\n<\/div>\r\n<div class=\"bg-img bg-img-5\"><a>\r\n<img decoding=\"async\" src=\"https:\/\/www.vivendi-hotel.de\/wp-content\/gallery\/galerie-feiern\/image45.jpg\" \/><\/a><\/div>\r\n<\/div>\r\n<\/div>\r\n<!-- \/sl-slider -->\r\n<a href=\"#\">\r\n<\/a>\r\n\r\n        <nav id=\"nav-arrows\" class=\"nav-arrows\">\r\n        <span class=\"nav-arrow-prev\">Previous<\/span>\r\n        <span class=\"nav-arrow-next\">Next<\/span>\r\n    <\/nav>  \r\n     <nav id=\"nav-dots\" class=\"nav-dots\">\r\n                    <span class=\"nav-dot-current\"><\/span>\r\n                    <span><\/span>\r\n                    <span><\/span>\r\n                    <span><\/span>\r\n                    <span><\/span>\r\n                    <span><\/span>\r\n            <\/nav>\r\n    <\/div><div class=\"clear\"><\/div>\r\n\r\n\r\n<!--End Slider-->\r\n\r\n<h4>Kulinarisches in festlichem Ambiente<\/h4>\r\nFestliche Ideen werden Wirklichkeit. Ob Hochzeit, Geburtstag, Jubil\u00e4um sowie Konfirmation oder Betriebsfest, f\u00fcr Festlichkeiten aller Art stehen Ihnen drei Gesellschafts- und Veranstaltungsr\u00e4ume f\u00fcr 10 bis 140 Personen zur Verf\u00fcgung. Kulinarische Gen\u00fcsse werden f\u00fcr Sie in angenehmer Atmosph\u00e4re aufgetischt. M\u00f6gen Sie es scharf, deftig oder vegetarisch? Lieben Sie Fisch, k\u00f6stliche Suppen oder S\u00fc\u00dfes? Dann freuen Sie sich auf die Kreationen unserer K\u00fcche.\r\n\r\n&nbsp;","protected":false},"excerpt":{"rendered":"<p>Willkommen! Entspannen Sie sich in unserem individuell gestalteten Hotel und genie\u00dfen Sie Ihren Aufenthalt. Internationale K\u00fcche Gut essen im Restaurant Aureus &#8211; ein kulinarisches und sinnliches Erlebnis. R\u00e4ume zum Wohlf\u00fchlen Individuell gestaltete Zimmer und B\u00e4der laden zum Relaxen und Verweilen ein. Wohnen auf Zeit F\u00fchlen Sie sich wie zu Hause in unserem famili\u00e4ren Hotel in [&hellip;]<\/p>\n","protected":false},"author":3,"featured_media":0,"parent":0,"menu_order":0,"comment_status":"closed","ping_status":"closed","template":"template-fullwidth.php","meta":{"footnotes":""},"class_list":["post-135","page","type-page","status-publish","hentry"],"_links":{"self":[{"href":"https:\/\/www.vivendi-hotel.de\/index.php?rest_route=\/wp\/v2\/pages\/135","targetHints":{"allow":["GET"]}}],"collection":[{"href":"https:\/\/www.vivendi-hotel.de\/index.php?rest_route=\/wp\/v2\/pages"}],"about":[{"href":"https:\/\/www.vivendi-hotel.de\/index.php?rest_route=\/wp\/v2\/types\/page"}],"author":[{"embeddable":true,"href":"https:\/\/www.vivendi-hotel.de\/index.php?rest_route=\/wp\/v2\/users\/3"}],"replies":[{"embeddable":true,"href":"https:\/\/www.vivendi-hotel.de\/index.php?rest_route=%2Fwp%2Fv2%2Fcomments&post=135"}],"version-history":[{"count":11,"href":"https:\/\/www.vivendi-hotel.de\/index.php?rest_route=\/wp\/v2\/pages\/135\/revisions"}],"predecessor-version":[{"id":555,"href":"https:\/\/www.vivendi-hotel.de\/index.php?rest_route=\/wp\/v2\/pages\/135\/revisions\/555"}],"wp:attachment":[{"href":"https:\/\/www.vivendi-hotel.de\/index.php?rest_route=%2Fwp%2Fv2%2Fmedia&parent=135"}],"curies":[{"name":"wp","href":"https:\/\/api.w.org\/{rel}","templated":true}]}}