{"id":138,"date":"2015-09-17T17:14:55","date_gmt":"2015-09-17T15:14:55","guid":{"rendered":"http:\/\/localhost\/wordpress\/?page_id=138"},"modified":"2025-04-22T12:38:20","modified_gmt":"2025-04-22T12:38:20","slug":"tagungen","status":"publish","type":"page","link":"https:\/\/www.vivendi-hotel.de\/?page_id=138","title":{"rendered":"Tagungen"},"content":{"rendered":"Das Hotel verf\u00fcgt \u00fcber variable Tagungsr\u00e4ume mit Tageslicht, die ausreichend Platz f\u00fcr kleine und gro\u00dfe Konferenzen, Workshops und sonstige Veranstaltungen bieten. Alle R\u00e4ume verf\u00fcgen \u00fcber moderne Tagungstechnik.\n\nOb Parlamentarische Sitzordnung oder andere Tischformationen, wir er\u00f6ffnen Ihnen eine Vielzahl an M\u00f6glichkeiten, Ihre Veranstaltung ganz individuell und mit Erfolg durchzuf\u00fchren. Treten Sie in Kontakt mit uns, damit wir Ihnen ein ma\u00dfgeschneidertes Angebot machen k\u00f6nnen.\n<h4>Tagungspauschalen 2025<\/h4>\n\n<table id=\"tablepress-1\" class=\"tablepress tablepress-id-1\">\n<thead>\n<tr class=\"row-1\">\n\t<th colspan=\"3\" class=\"column-1\">Raummieten<\/th>\n<\/tr>\n<\/thead>\n<tbody class=\"row-striping row-hover\">\n<tr class=\"row-2\">\n\t<td class=\"column-1\">1\/2 Raum (60 qm bzw. 90 qm)<\/td><td class=\"column-2\">1\/2 Tag<\/td><td class=\"column-3\">180,00 \u20ac \/ 200,00 \u20ac<\/td>\n<\/tr>\n<tr class=\"row-3\">\n\t<td class=\"column-1\">1\/1 Raum (150 qm)<\/td><td class=\"column-2\">1\/2 Tag<\/td><td class=\"column-3\">270,00 \u20ac<\/td>\n<\/tr>\n<tr class=\"row-4\">\n\t<td class=\"column-1\">1\/2 Raum (60 qm bzw. 90 qm)<\/td><td class=\"column-2\">1 Tag<\/td><td class=\"column-3\">220,00 \u20ac \/ 240 \u20ac<\/td>\n<\/tr>\n<tr class=\"row-5\">\n\t<td class=\"column-1\">1\/1 Raum (150 qm)<\/td><td class=\"column-2\">1 Tag<\/td><td class=\"column-3\">350,00 \u20ac<\/td>\n<\/tr>\n<\/tbody>\n<\/table>\n<!-- #tablepress-1 from cache -->\n\n(Raumgr\u00f6ssen von 60 bis 150 m<sup>2<\/sup> &#8211; s\u00e4mtliche R\u00e4ume verf\u00fcgen \u00fcber Tageslicht.\nF\u00fcr unsere Tagungsg\u00e4ste steht selbstverst\u00e4ndlich ein kostenfreier Parkplatz vor dem Haus zur Verf\u00fcgung)\n\n\n<table id=\"tablepress-2\" class=\"tablepress tablepress-id-2\">\n<thead>\n<tr class=\"row-1\">\n\t<th colspan=\"2\" class=\"column-1\">Tagungstechnik<\/th>\n<\/tr>\n<\/thead>\n<tbody class=\"row-striping row-hover\">\n<tr class=\"row-2\">\n\t<td class=\"column-1\">Leinwand<\/td><td class=\"column-2\">kostenfrei<\/td>\n<\/tr>\n<tr class=\"row-3\">\n\t<td class=\"column-1\">Flipchartpapier (Block)<\/td><td class=\"column-2\">gegen eine Geb\u00fchr von 11,00 \u20ac<\/td>\n<\/tr>\n<tr class=\"row-4\">\n\t<td class=\"column-1\">Rednerpult<\/td><td class=\"column-2\">kostenfrei<\/td>\n<\/tr>\n<tr class=\"row-5\">\n\t<td class=\"column-1\">Overheadprojektor<\/td><td class=\"column-2\">kostenfrei<\/td>\n<\/tr>\n<tr class=\"row-6\">\n\t<td class=\"column-1\">Telefon<\/td><td class=\"column-2\">Geb\u00fchr nach Verbrauch<\/td>\n<\/tr>\n<tr class=\"row-7\">\n\t<td class=\"column-1\">Fax<\/td><td class=\"column-2\">Geb\u00fchr nach Verbrauch<\/td>\n<\/tr>\n<tr class=\"row-8\">\n\t<td class=\"column-1\">Fotokopierer<\/td><td class=\"column-2\">0,40 \u20ac pro Kopie<\/td>\n<\/tr>\n<tr class=\"row-9\">\n\t<td class=\"column-1\">Beamer<\/td><td class=\"column-2\">gegen eine Geb\u00fchr von 70,00 \u20ac<\/td>\n<\/tr>\n<tr class=\"row-10\">\n\t<td class=\"column-1\">Moderatorenkoffer<\/td><td class=\"column-2\">gegen eine Geb\u00fchr von 39,00 \u20ac<\/td>\n<\/tr>\n<tr class=\"row-11\">\n\t<td class=\"column-1\">Stehpult mit Mikrofonanlage<\/td><td class=\"column-2\">gegen eine Geb\u00fchr von 50,00 \u20ac<\/td>\n<\/tr>\n<tr class=\"row-12\">\n\t<td class=\"column-1\">Flipchartstifte<\/td><td class=\"column-2\">gegen eine Geb\u00fchr von 7,90 \u20ac pro Stift<\/td>\n<\/tr>\n<\/tbody>\n<\/table>\n<!-- #tablepress-2 from cache -->\n<h3 style=\"text-align: center;\">Tagungspaket 1<\/h3>\n<p style=\"text-align: center;\">(ohne \u00dcbernachtung)\nBereitstellung eines Konferenzraumes entsprechend der Teilnehmerzahl\nTechnik nach Absprache\nTagunsgetr\u00e4nke: Wasser, Orangensaft, Apfelsaft\n*\nKaffeepause\nKaffee, Tee, Obst &amp; Geb\u00e4ck\n*\nMittag- oder Abendessen\n2-Gang-Men\u00fc\n*\nKaffeepause\nKaffee, Tee, Obst und hausgebackener Kuchen\n*\n\u20ac <b>65,90 pro Person\/Tag<\/b><\/p>\n\n<h3 style=\"text-align: center;\">Tagungspaket 2<\/h3>\n<p style=\"text-align: center;\">Bereitstellung eines Konferenzraumes entsprechend der Teilnehmerzahl\nTechnik nach Absprache\nTagungsgetr\u00e4nke: Wasser, Orangensaft, Apfelsaft\n*\nKaffeepause\nKaffee, Tee, Obst &amp; Geb\u00e4ck\n*\nMittag- oder Abendessen\n2-Gang-Men\u00fc\n*\nKaffeepause\nKaffee, Tee, Obst und hausgebackener Kuchen\n*\n\u00dcbernachtung in unseren komfortablen Einzel-Zimmern mit Bad ensuite, TV, und kostenfreiem W-Lan\n*\nFr\u00fchst\u00fcck von unserem reichhaltigen Fr\u00fchst\u00fccksbuffet\n*\n\u20ac <b>154,90 pro Person<\/b><\/p>\n\n<h3 style=\"text-align: center;\">Tagungspaket 3<\/h3>\n<p style=\"text-align: center;\">Bereitstellung eines Konferenzraumes entsprechend der Teilnehmerzahl\nTechnik nach Absprache\nTagungsgetr\u00e4nke: Wasser, Orangensaft, Apfelsaft\n*\nKaffeepause\nKaffee, Tee, Obst\n*\nMittagessen\n2-Gang-Men\u00fc\n*\nKaffeepause\nKaffee, Tee, Obst und hausgebackener Kuchen\n*\nAbendessen 2-Gang-Men\u00fc\n*\n\u00dcbernachtung in unseren komfortablen Einzel-Zimmern mit Bad ensuite, TV, und kostenfreiem W-Lan\n*\nFr\u00fchst\u00fcck von unserem reichhaltigen Fr\u00fchst\u00fccksbuffet\n*\n\u20ac <b>185,90 pro Person<\/b><\/p>\n\n<div id=\"dc_vk_code\" style=\"display: none;\"><\/div>","protected":false},"excerpt":{"rendered":"<p>Das Hotel verf\u00fcgt \u00fcber variable Tagungsr\u00e4ume mit Tageslicht, die ausreichend Platz f\u00fcr kleine und gro\u00dfe Konferenzen, Workshops und sonstige Veranstaltungen bieten. Alle R\u00e4ume verf\u00fcgen \u00fcber moderne Tagungstechnik. Ob Parlamentarische Sitzordnung oder andere Tischformationen, wir er\u00f6ffnen Ihnen eine Vielzahl an M\u00f6glichkeiten, Ihre Veranstaltung ganz individuell und mit Erfolg durchzuf\u00fchren. Treten Sie in Kontakt mit uns, damit [&hellip;]<\/p>\n","protected":false},"author":3,"featured_media":0,"parent":0,"menu_order":0,"comment_status":"closed","ping_status":"closed","template":"template-fullwidth.php","meta":{"footnotes":""},"class_list":["post-138","page","type-page","status-publish","hentry"],"_links":{"self":[{"href":"https:\/\/www.vivendi-hotel.de\/index.php?rest_route=\/wp\/v2\/pages\/138","targetHints":{"allow":["GET"]}}],"collection":[{"href":"https:\/\/www.vivendi-hotel.de\/index.php?rest_route=\/wp\/v2\/pages"}],"about":[{"href":"https:\/\/www.vivendi-hotel.de\/index.php?rest_route=\/wp\/v2\/types\/page"}],"author":[{"embeddable":true,"href":"https:\/\/www.vivendi-hotel.de\/index.php?rest_route=\/wp\/v2\/users\/3"}],"replies":[{"embeddable":true,"href":"https:\/\/www.vivendi-hotel.de\/index.php?rest_route=%2Fwp%2Fv2%2Fcomments&post=138"}],"version-history":[{"count":13,"href":"https:\/\/www.vivendi-hotel.de\/index.php?rest_route=\/wp\/v2\/pages\/138\/revisions"}],"predecessor-version":[{"id":587,"href":"https:\/\/www.vivendi-hotel.de\/index.php?rest_route=\/wp\/v2\/pages\/138\/revisions\/587"}],"wp:attachment":[{"href":"https:\/\/www.vivendi-hotel.de\/index.php?rest_route=%2Fwp%2Fv2%2Fmedia&parent=138"}],"curies":[{"name":"wp","href":"https:\/\/api.w.org\/{rel}","templated":true}]}}