{"id":141,"date":"2015-09-17T17:16:40","date_gmt":"2015-09-17T15:16:40","guid":{"rendered":"http:\/\/localhost\/wordpress\/?page_id=141"},"modified":"2018-01-18T21:10:23","modified_gmt":"2018-01-18T21:10:23","slug":"anfahrt","status":"publish","type":"page","link":"https:\/\/www.vivendi-hotel.de\/?page_id=141","title":{"rendered":"Anfahrt"},"content":{"rendered":"<img decoding=\"async\" src=\"https:\/\/www.vivendi-hotel.de\/wp-content\/gallery\/navigation\/Plan-OWL-Kopie.gif\" \/>\r\n\r\nIm Herzen Ostwestfalens direkt an der Autobahn A2 gelegen, ist Herford sowohl per PKW, Bahn oder Flieger schnell zu erreichen. Zum Flughafen Paderborn-Lippstadt sind es ca. 60 Kilometter, zum Flughafen Hannover ca. 90 Kilometer.\r\n\r\n&nbsp;\r\n\r\n<img decoding=\"async\" src=\"https:\/\/www.vivendi-hotel.de\/wp-content\/gallery\/navigation\/Plan-lokal-Kopie.gif\" \/>\r\n\r\nVon der Autobahn A2 aus sind es von der Abfahrt Herford Ost ca. 2 Kilometer bis zum Hotel Vivendi. Folgen Sie einfach der Vlothoer Stra\u00dfe Richtung Herford und nehmen Sie im Kreisel die erste Ausfahrt und fahren Sie anschlie\u00dfend die erste Stra\u00dfe rechts rein. Nach 50 Metern haben Sie unser Hotel erreicht.\r\n<div id=\"dc_vk_code\" style=\"display: none;\"><\/div>","protected":false},"excerpt":{"rendered":"<p>Im Herzen Ostwestfalens direkt an der Autobahn A2 gelegen, ist Herford sowohl per PKW, Bahn oder Flieger schnell zu erreichen. Zum Flughafen Paderborn-Lippstadt sind es ca. 60 Kilometter, zum Flughafen Hannover ca. 90 Kilometer. &nbsp; Von der Autobahn A2 aus sind es von der Abfahrt Herford Ost ca. 2 Kilometer bis zum Hotel Vivendi. Folgen [&hellip;]<\/p>\n","protected":false},"author":3,"featured_media":0,"parent":0,"menu_order":0,"comment_status":"closed","ping_status":"closed","template":"template-fullwidth.php","meta":{"footnotes":""},"class_list":["post-141","page","type-page","status-publish","hentry"],"_links":{"self":[{"href":"https:\/\/www.vivendi-hotel.de\/index.php?rest_route=\/wp\/v2\/pages\/141","targetHints":{"allow":["GET"]}}],"collection":[{"href":"https:\/\/www.vivendi-hotel.de\/index.php?rest_route=\/wp\/v2\/pages"}],"about":[{"href":"https:\/\/www.vivendi-hotel.de\/index.php?rest_route=\/wp\/v2\/types\/page"}],"author":[{"embeddable":true,"href":"https:\/\/www.vivendi-hotel.de\/index.php?rest_route=\/wp\/v2\/users\/3"}],"replies":[{"embeddable":true,"href":"https:\/\/www.vivendi-hotel.de\/index.php?rest_route=%2Fwp%2Fv2%2Fcomments&post=141"}],"version-history":[{"count":8,"href":"https:\/\/www.vivendi-hotel.de\/index.php?rest_route=\/wp\/v2\/pages\/141\/revisions"}],"predecessor-version":[{"id":483,"href":"https:\/\/www.vivendi-hotel.de\/index.php?rest_route=\/wp\/v2\/pages\/141\/revisions\/483"}],"wp:attachment":[{"href":"https:\/\/www.vivendi-hotel.de\/index.php?rest_route=%2Fwp%2Fv2%2Fmedia&parent=141"}],"curies":[{"name":"wp","href":"https:\/\/api.w.org\/{rel}","templated":true}]}}