{"id":147,"date":"2015-09-17T17:19:29","date_gmt":"2015-09-17T15:19:29","guid":{"rendered":"http:\/\/localhost\/wordpress\/?page_id=147"},"modified":"2018-05-08T12:35:38","modified_gmt":"2018-05-08T12:35:38","slug":"impressum","status":"publish","type":"page","link":"https:\/\/www.vivendi-hotel.de\/?page_id=147","title":{"rendered":"Impressum"},"content":{"rendered":"<p><strong>Angaben gem\u00e4\u00df \u00a7 5 TMG:<\/strong><\/p>\r\n<p>Hotel Vivendi<br>\r\nParacelsusstra\u00dfe 14<br>32049 Herford<br><\/p>\r\n<p><strong>Vertreten durch:<\/strong><\/p>\r\n<p>Dieter Schneider<\/p>\r\n<p><strong>Kontakt:<\/strong><\/p>\r\n<p>Telefon: 05221-9200<br>Telefax: 05221-920200<br>E-Mail: info@vivendi-hotel.de<\/p>\r\n\r\n<p><br><strong>Umsatzsteuer-Identifikationsnummer<\/strong><\/p>\r\n<p>DE125404087<br><\/p>\r\n<p><br><strong>Aufsichtsbeh\u00f6rde<\/strong><\/p>\r\n<p>Ordnungsamt Herford<br><\/p>\r\n\r\n<p class=\"rechtlich\">Rechtlicher Hinweis: Die Inhalte dieser Internetseiten unterliegen einem Copyright. Vervielf\u00e4ltigungen, auch auszugsweise, ben\u00f6tigen immer unsere ausdr\u00fcckliche schriftliche Einverst\u00e4ndniserkl\u00e4rung!<\/p>\r\n<p class=\"author\">Design: raczizek-design<\/p>","protected":false},"excerpt":{"rendered":"<p>Angaben gem\u00e4\u00df \u00a7 5 TMG: Hotel Vivendi Paracelsusstra\u00dfe 1432049 Herford Vertreten durch: Dieter Schneider Kontakt: Telefon: 05221-9200Telefax: 05221-920200E-Mail: info@vivendi-hotel.de Umsatzsteuer-Identifikationsnummer DE125404087 Aufsichtsbeh\u00f6rde Ordnungsamt Herford Rechtlicher Hinweis: Die Inhalte dieser Internetseiten unterliegen einem Copyright. Vervielf\u00e4ltigungen, auch auszugsweise, ben\u00f6tigen immer unsere ausdr\u00fcckliche schriftliche Einverst\u00e4ndniserkl\u00e4rung! Design: raczizek-design<\/p>\n","protected":false},"author":3,"featured_media":0,"parent":0,"menu_order":0,"comment_status":"closed","ping_status":"closed","template":"template-gallery.php","meta":{"footnotes":""},"class_list":["post-147","page","type-page","status-publish","hentry"],"_links":{"self":[{"href":"https:\/\/www.vivendi-hotel.de\/index.php?rest_route=\/wp\/v2\/pages\/147","targetHints":{"allow":["GET"]}}],"collection":[{"href":"https:\/\/www.vivendi-hotel.de\/index.php?rest_route=\/wp\/v2\/pages"}],"about":[{"href":"https:\/\/www.vivendi-hotel.de\/index.php?rest_route=\/wp\/v2\/types\/page"}],"author":[{"embeddable":true,"href":"https:\/\/www.vivendi-hotel.de\/index.php?rest_route=\/wp\/v2\/users\/3"}],"replies":[{"embeddable":true,"href":"https:\/\/www.vivendi-hotel.de\/index.php?rest_route=%2Fwp%2Fv2%2Fcomments&post=147"}],"version-history":[{"count":5,"href":"https:\/\/www.vivendi-hotel.de\/index.php?rest_route=\/wp\/v2\/pages\/147\/revisions"}],"predecessor-version":[{"id":536,"href":"https:\/\/www.vivendi-hotel.de\/index.php?rest_route=\/wp\/v2\/pages\/147\/revisions\/536"}],"wp:attachment":[{"href":"https:\/\/www.vivendi-hotel.de\/index.php?rest_route=%2Fwp%2Fv2%2Fmedia&parent=147"}],"curies":[{"name":"wp","href":"https:\/\/api.w.org\/{rel}","templated":true}]}}