{"id":33,"date":"2015-09-13T21:29:50","date_gmt":"2015-09-13T19:29:50","guid":{"rendered":"http:\/\/localhost\/wordpress\/?page_id=33"},"modified":"2025-12-10T15:09:09","modified_gmt":"2025-12-10T15:09:09","slug":"restaurant-2","status":"publish","type":"page","link":"https:\/\/www.vivendi-hotel.de\/?page_id=33","title":{"rendered":"Restaurant"},"content":{"rendered":"<div id=\"slider\" class=\"sl-slider-wrapper\">\n\n<input id=\"txt_slidespeed\" type=\"hidden\" value=\" 30000 \" \/>\n<div class=\"sl-slider\">\n<div class=\"sl-slide\" data-orientation=\"horizontal\" data-slice1-rotation=\"-25\" data-slice2-rotation=\"-25\" data-slice1-scale=\"2\" data-slice2-scale=\"2\">\n<div class=\"sl-slide-inner\">\n<div class=\"salesdetails\">\n<h1>Willkommen!<\/h1>\n<span style=\"color: #000000;\">Entspannen Sie sich in unserem individuell gestalteten Hotel und genie\u00dfen Sie Ihren Aufenthalt.<\/span>\n\n<\/div>\n<\/div>\n<div class=\"bg-img bg-img-1\"><a>\n<img decoding=\"async\" src=\"https:\/\/www.vivendi-hotel.de\/wp-content\/gallery\/galerie-kueche\/image20.jpg\" \/><\/a><\/div>\n<\/div>\n<div class=\"sl-slide\" data-orientation=\"vertical\" data-slice1-rotation=\"10\" data-slice2-rotation=\"-15\" data-slice1-scale=\"1.5\" data-slice2-scale=\"1.5\">\n<div class=\"sl-slide-inner\">\n<div class=\"salesdetails\">\n<h1>Internationale K\u00fcche<\/h1>\n<span style=\"color: #000000;\">Gut essen im Restaurant Aureus &#8211; ein kulinarisches und sinnliches Erlebnis.\n<\/span>\n\n<\/div>\n<\/div>\n<div class=\"bg-img bg-img-2\"><a>\n<img decoding=\"async\" src=\"https:\/\/www.vivendi-hotel.de\/wp-content\/gallery\/galerie-kueche\/image21.jpg\" \/><\/a><\/div>\n<\/div>\n<div class=\"sl-slide\" data-orientation=\"horizontal\" data-slice1-rotation=\"3\" data-slice2-rotation=\"3\" data-slice1-scale=\"2\" data-slice2-scale=\"1\">\n<div class=\"sl-slide-inner\">\n<div class=\"salesdetails\">\n<h1>R\u00e4ume zum Wohlf\u00fchlen<\/h1>\n<span style=\"color: #000000;\">Individuell gestaltete Zimmer und B\u00e4der laden zum Relaxen und Verweilen ein.\n<\/span>\n\n<\/div>\n<\/div>\n<div class=\"bg-img bg-img-3\"><a>\n<img decoding=\"async\" src=\"https:\/\/www.vivendi-hotel.de\/wp-content\/gallery\/galerie-kueche\/image22.jpg\" \/><\/a><\/div>\n<\/div>\n<div class=\"sl-slide\" data-orientation=\"vertical\" data-slice1-rotation=\"-5\" data-slice2-rotation=\"25\" data-slice1-scale=\"2\" data-slice2-scale=\"1\">\n<div class=\"sl-slide-inner\">\n<div class=\"salesdetails\">\n<h1>Wohnen auf Zeit<\/h1>\n<span style=\"color: #000000;\">F\u00fchlen Sie sich wie zu Hause in unserem famili\u00e4ren Hotel in ruhiger Lage.\n<\/span>\n\n<\/div>\n<\/div>\n<div class=\"bg-img bg-img-4\"><a>\n<img decoding=\"async\" src=\"https:\/\/www.vivendi-hotel.de\/wp-content\/gallery\/galerie-kueche\/image23.jpg\" \/><\/a><\/div>\n<\/div>\n<div class=\"sl-slide\" data-orientation=\"horizontal\" data-slice1-rotation=\"-5\" data-slice2-rotation=\"10\" data-slice1-scale=\"2\" data-slice2-scale=\"1\">\n<div class=\"sl-slide-inner\">\n<div class=\"salesdetails\">\n<h1>Internationale K\u00fcche<\/h1>\n<span style=\"color: #000000;\">Unsere Internationale K\u00fcche mit Niveau &#8211; auch vegetarisch oder vegan &#8211; l\u00e4sst keine W\u00fcnsche offen.\n<\/span>\n\n<\/div>\n<\/div>\n<div class=\"bg-img bg-img-5\"><a>\n<img decoding=\"async\" src=\"https:\/\/www.vivendi-hotel.de\/wp-content\/gallery\/galerie-kueche\/image24.jpg\" \/><\/a><\/div>\n<\/div>\n<div class=\"sl-slide\" data-orientation=\"horizontal\" data-slice1-rotation=\"-5\" data-slice2-rotation=\"10\" data-slice1-scale=\"2\" data-slice2-scale=\"1\">\n<div class=\"sl-slide-inner\">\n<div class=\"salesdetails\">\n<h1>K\u00fcche mit Esprit<\/h1>\n<span style=\"color: #000000;\">Genie\u00dfen Sie die kleinen Aufmerksamkeiten unseres kreativen K\u00fcchenteams.<\/span>\n\n<\/div>\n<\/div>\n<div class=\"bg-img bg-img-5\"><a>\n<img decoding=\"async\" src=\"https:\/\/www.vivendi-hotel.de\/wp-content\/gallery\/galerie-kueche\/image25.jpg\" \/><\/a><\/div>\n<\/div>\n<\/div>\n<!-- \/sl-slider -->\n\n<nav id=\"nav-arrows\" class=\"nav-arrows\"><span class=\"nav-arrow-prev\">Previous<\/span><span class=\"nav-arrow-next\">Next<\/span><\/nav><\/div>\n<div class=\"clear\"><\/div>\n<!--End Slider-->\n<h4>Internationale K\u00fcche mit Lifestyle-Attitude<\/h4>\nIn unserem Restaurant Aureus werden Sie von unserem K\u00fcchenchef Axel Schneider und seinem jungen, kreativen K\u00fcchenteam verw\u00f6hnt. Frische und saisonale Produkte werden mit viel Hingabe zu kulinarischen K\u00f6stlichkeiten verarbeitet und liebevoll arrangiert. Innovation und Leidenschaft f\u00fcrs Kochen versprechen puren Genuss.\n\nAnh\u00e4nger der neuen Food-Lifestyle-Trends wie Vegan, Vegetarisch oder des Clean Eatings sind in unserem Restaurant an der richtigen Adresse. Unsere K\u00fcchencrew m\u00f6chte das kulinarische Interesse und die Sensorik seiner G\u00e4ste mit au\u00dfergew\u00f6hnlichen Zutaten und Gerichten wecken.\n\nHausgemachte Amuse-Gueule sowie liebevoll arrangierte Desserts komplettieren das kulinarische Angebot.\n<h4>Kochen mit Leidenschaft und nat\u00fcrlichen Zutaten<\/h4>\n<h4><a href=\"https:\/\/www.vivendi-hotel.de\/wp-content\/uploads\/2025\/08\/Speisekarte-Hotel-Vivendi-Herford.pdf\">Speisekarte Hotel Vivendi Herford<\/a><\/h4>\n&nbsp;\n\n<em>Wir verwenden \u00fcberwiegend urspr\u00fcngliche und nat\u00fcrliche Zutaten in unserer K\u00fcche, die wir mit viel Leidenschaft zu k\u00f6stlichen Gerichten verarbeiten. Nach M\u00f6glichkeit bevorzugen wir regionale Produkte wie zum Beispiel Bioland Kartoffeln heimischer Landwirte. Der weitestgehende Verzicht auf Convience-Produkte sorgt nicht nur f\u00fcr nat\u00fcrliche Geschmackserlebnisse, sondern auch f\u00fcr gesunde und bek\u00f6mmliche Gerichte.<\/em>\n<div id=\"dc_vk_code\" style=\"display: none;\"><\/div>","protected":false},"excerpt":{"rendered":"<p>Willkommen! Entspannen Sie sich in unserem individuell gestalteten Hotel und genie\u00dfen Sie Ihren Aufenthalt. Internationale K\u00fcche Gut essen im Restaurant Aureus &#8211; ein kulinarisches und sinnliches Erlebnis. R\u00e4ume zum Wohlf\u00fchlen Individuell gestaltete Zimmer und B\u00e4der laden zum Relaxen und Verweilen ein. Wohnen auf Zeit F\u00fchlen Sie sich wie zu Hause in unserem famili\u00e4ren Hotel in [&hellip;]<\/p>\n","protected":false},"author":3,"featured_media":0,"parent":0,"menu_order":0,"comment_status":"closed","ping_status":"closed","template":"template-fullwidth.php","meta":{"footnotes":""},"class_list":["post-33","page","type-page","status-publish","hentry"],"_links":{"self":[{"href":"https:\/\/www.vivendi-hotel.de\/index.php?rest_route=\/wp\/v2\/pages\/33","targetHints":{"allow":["GET"]}}],"collection":[{"href":"https:\/\/www.vivendi-hotel.de\/index.php?rest_route=\/wp\/v2\/pages"}],"about":[{"href":"https:\/\/www.vivendi-hotel.de\/index.php?rest_route=\/wp\/v2\/types\/page"}],"author":[{"embeddable":true,"href":"https:\/\/www.vivendi-hotel.de\/index.php?rest_route=\/wp\/v2\/users\/3"}],"replies":[{"embeddable":true,"href":"https:\/\/www.vivendi-hotel.de\/index.php?rest_route=%2Fwp%2Fv2%2Fcomments&post=33"}],"version-history":[{"count":23,"href":"https:\/\/www.vivendi-hotel.de\/index.php?rest_route=\/wp\/v2\/pages\/33\/revisions"}],"predecessor-version":[{"id":600,"href":"https:\/\/www.vivendi-hotel.de\/index.php?rest_route=\/wp\/v2\/pages\/33\/revisions\/600"}],"wp:attachment":[{"href":"https:\/\/www.vivendi-hotel.de\/index.php?rest_route=%2Fwp%2Fv2%2Fmedia&parent=33"}],"curies":[{"name":"wp","href":"https:\/\/api.w.org\/{rel}","templated":true}]}}