{"id":504,"date":"2017-12-07T12:38:11","date_gmt":"2017-12-07T12:38:11","guid":{"rendered":"https:\/\/www.vivendi-hotel.de\/?page_id=504"},"modified":"2018-05-08T12:21:57","modified_gmt":"2018-05-08T12:21:57","slug":"jobs","status":"publish","type":"page","link":"https:\/\/www.vivendi-hotel.de\/?page_id=504","title":{"rendered":"Jobs"},"content":{"rendered":"<pre>Wir suchen Sie als<\/pre>\r\n<strong>Auszubildende(r) Hotelfachfrau \/ Hotelfachmann<\/strong>\r\n<br>\r\nSie sind ein aufgeschlossener Mensch mit guten Umgangsformen, sicherem Auftreten, Kreativit\u00e4t und haben Freude daran, mit Menschen umzugehen? Dar\u00fcber hinaus verf\u00fcgen Sie \u00fcber Organisationstalent, sind belastbar und flexibel? Dann bewerben Sie sich bei uns f\u00fcr eine Berufsausbildung.\r\n<br><br>\r\n<strong>Auszubildende(r) K\u00f6chin \/ Koch<\/strong>\r\n<br>\r\nSie haben Spa\u00df am kreativen Umgang mit Lebensmitteln, sind teamf\u00e4hig, nehmen gerne Herausforderungen an und verf\u00fcgen \u00fcber Organisationstalent? Dann bewerben Sie sich f\u00fcr eine abwechslungsreiche und interessante Berufsausbildung.\r\n<br><br>\r\n<strong> K\u00f6chin \/ Koch<\/strong>\r\n<br>\r\nWir suchen Dich f\u00fcr unser junges kreatives K\u00fcchenteam. Wenn du Lust hast, unser innovatives Team mit deinen Ideen zu unterst\u00fctzen, dann sende uns deine Bewerbung.\r\n<br><br>\r\n\r\n<strong>Aushilfe im Service<\/strong>\r\n<br>\r\nF\u00fcr unser ausgezeichnetes Restaurant suchen wir ab sofort eine freundliche und engagierte Servicekraft. In einem netten Team sorgst du f\u00fcr das Wohlbefinden der G\u00e4ste. Du gehst gerne auf Menschen zu und bist flexibel einsetzbar.\r\n<br><br>\r\nWir freuen uns auf Ihre\/deine aussagekr\u00e4ftige Bewerbung.\r\n<br><br>\r\nWir bitten darum, Bewerbungsunterlagen nur per E-Mail an folgende Adresse senden:\r\n<br><br>\r\n<em>bewerbung@vivendi-hotel.de<\/em>\r\n<br><br><br>","protected":false},"excerpt":{"rendered":"<p>Wir suchen Sie als Auszubildende(r) Hotelfachfrau \/ Hotelfachmann Sie sind ein aufgeschlossener Mensch mit guten Umgangsformen, sicherem Auftreten, Kreativit\u00e4t und haben Freude daran, mit Menschen umzugehen? Dar\u00fcber hinaus verf\u00fcgen Sie \u00fcber Organisationstalent, sind belastbar und flexibel? Dann bewerben Sie sich bei uns f\u00fcr eine Berufsausbildung. Auszubildende(r) K\u00f6chin \/ Koch Sie haben Spa\u00df am kreativen Umgang [&hellip;]<\/p>\n","protected":false},"author":1,"featured_media":0,"parent":0,"menu_order":0,"comment_status":"closed","ping_status":"closed","template":"template-gallery.php","meta":{"footnotes":""},"class_list":["post-504","page","type-page","status-publish","hentry"],"_links":{"self":[{"href":"https:\/\/www.vivendi-hotel.de\/index.php?rest_route=\/wp\/v2\/pages\/504","targetHints":{"allow":["GET"]}}],"collection":[{"href":"https:\/\/www.vivendi-hotel.de\/index.php?rest_route=\/wp\/v2\/pages"}],"about":[{"href":"https:\/\/www.vivendi-hotel.de\/index.php?rest_route=\/wp\/v2\/types\/page"}],"author":[{"embeddable":true,"href":"https:\/\/www.vivendi-hotel.de\/index.php?rest_route=\/wp\/v2\/users\/1"}],"replies":[{"embeddable":true,"href":"https:\/\/www.vivendi-hotel.de\/index.php?rest_route=%2Fwp%2Fv2%2Fcomments&post=504"}],"version-history":[{"count":8,"href":"https:\/\/www.vivendi-hotel.de\/index.php?rest_route=\/wp\/v2\/pages\/504\/revisions"}],"predecessor-version":[{"id":534,"href":"https:\/\/www.vivendi-hotel.de\/index.php?rest_route=\/wp\/v2\/pages\/504\/revisions\/534"}],"wp:attachment":[{"href":"https:\/\/www.vivendi-hotel.de\/index.php?rest_route=%2Fwp%2Fv2%2Fmedia&parent=504"}],"curies":[{"name":"wp","href":"https:\/\/api.w.org\/{rel}","templated":true}]}}